{"id":1071,"date":"2015-12-14T07:14:55","date_gmt":"2015-12-14T07:14:55","guid":{"rendered":"http:\/\/consulting.stylemixthemes.com\/?page_id=2"},"modified":"2024-05-20T08:26:32","modified_gmt":"2024-05-20T07:26:32","slug":"sample-page-2","status":"publish","type":"page","link":"https:\/\/www.cassia.cz\/","title":{"rendered":"Home"},"content":{"rendered":"<div class=\"wpb-content-wrapper\"><p>[vc_row][vc_column][rev_slider_vc alias=&#8221;UvodniStrana&#8221;][\/vc_column][\/vc_row][vc_row full_width=&#8221;stretch_row&#8221; gap=&#8221;20&#8243; css_animation=&#8221;none&#8221; css=&#8221;.vc_custom_1715896588882{margin-bottom: 0px !important;background-color: #ebedf3 !important;}&#8221; el_class=&#8221;z-index_2&#8243;][vc_column][stm_services posts_per_page=&#8221;3&#8243; posts_per_row=&#8221;3&#8243; style=&#8221;style_9&#8243; css=&#8221;.vc_custom_1716189942690{margin-top: -100px !important;}&#8221;][stm_spacing lg_spacing=&#8221;80&#8243; md_spacing=&#8221;70&#8243; sm_spacing=&#8221;60&#8243; xs_spacing=&#8221;50&#8243;][\/vc_column][\/vc_row][vc_row full_width=&#8221;stretch_row&#8221; css=&#8221;.vc_custom_1583987522330{background-color: #ebedf3 !important;}&#8221;][vc_column width=&#8221;1\/2&#8243;][vc_custom_heading stripe_pos=&#8221;hide&#8221; text=&#8221;O n\u00e1s&#8221; use_theme_fonts=&#8221;yes&#8221; css=&#8221;&#8221;][vc_column_text css=&#8221;&#8221;]Cassia sv\u00e9 slu\u017eby nab\u00edz\u00ed ji\u017e od roku 1997. V n\u011bkolika prvn\u00edch letech se spole\u010dnost zam\u011b\u0159ovala zejm\u00e9na na zpracov\u00e1n\u00ed finan\u010dn\u00edch a ekonomick\u00fdch anal\u00fdz podnikatelsk\u00fdch z\u00e1m\u011br\u016f a podporu podnikatel\u016f a investor\u016f p\u0159i jedn\u00e1n\u00ed s finan\u010dn\u00edmi institucemi p\u0159i z\u00edsk\u00e1v\u00e1n\u00ed prost\u0159edk\u016f pro realizaci sv\u00fdm z\u00e1m\u011br\u016f.<\/p>\n<p>Pom\u00e1hali jsme p\u0159i p\u0159\u00edprav\u011b \u010cR na \u010derp\u00e1n\u00ed tzv. p\u0159edvstupn\u00edch program\u016f SAPARD, PHARE a ISPA. V letech 2002 &#8211; 2004 jsme se pod\u00edleli na p\u0159\u00edprav\u011b pilotn\u00edch projekt\u016f pro \u010derp\u00e1n\u00ed struktur\u00e1ln\u00edch fond\u016f EU.<\/p>\n<p>Za uplynul\u00fdch v\u00edce ne\u017e 20 let jsme s vyu\u017eit\u00edm z\u00edskan\u00fdch zku\u0161enost\u00ed sv\u00e9 slu\u017eby roz\u0161\u00ed\u0159ili tak, abychom byli schopni jak priv\u00e1tn\u00edm, tak ve\u0159ejn\u00fdm a neziskov\u00fdm subjekt\u016fm poskytovat:<\/p>\n<ul>\n<li>zpracov\u00e1n\u00ed odborn\u00fdch anal\u00fdz a tematick\u00fdch \u010di oborov\u00fdch studi\u00ed<\/li>\n<li>zpracov\u00e1n\u00ed a podporu p\u0159i \u0159\u00edzen\u00ed a evaluaci rozvojov\u00fdch strategi\u00ed, koncepc\u00ed a program\u016f<\/li>\n<li>p\u0159\u00edpravu a \u0159\u00edzen\u00ed p\u0159\u00edpravy a realizace rozvojov\u00fdch projekt\u016f<\/li>\n<li>\u0161kolen\u00ed a vzd\u011bl\u00e1v\u00e1n\u00ed v oblasti strategick\u00e9ho pl\u00e1nov\u00e1n\u00ed a projektov\u00e9ho \u0159\u00edzen\u00ed<\/li>\n<\/ul>\n<p>[\/vc_column_text][stm_spacing lg_spacing=&#8221;80&#8243; md_spacing=&#8221;70&#8243; sm_spacing=&#8221;40&#8243; xs_spacing=&#8221;40&#8243;][\/vc_column][vc_column width=&#8221;1\/2&#8243;][vc_single_image image=&#8221;3306&#8243; img_size=&#8221;large&#8221; css=&#8221;&#8221;][stm_spacing lg_spacing=&#8221;80&#8243; md_spacing=&#8221;70&#8243; sm_spacing=&#8221;60&#8243; xs_spacing=&#8221;50&#8243;][\/vc_column][\/vc_row][vc_row full_width=&#8221;stretch_row&#8221; css=&#8221;.vc_custom_1716125633680{background-image: url(https:\/\/www.cassia.cz\/cassia\/wp-content\/uploads\/2012\/03\/7773990570_5832843406_b-1.jpg?id=1925) !important;background-position: center !important;background-repeat: no-repeat !important;background-size: cover !important;}&#8221;][vc_column][stm_spacing lg_spacing=&#8221;95&#8243; md_spacing=&#8221;80&#8243; sm_spacing=&#8221;70&#8243; xs_spacing=&#8221;60&#8243;][vc_custom_heading stripe_pos=&#8221;hide&#8221; stm_title_font_weight=&#8221;700&#8243; text=&#8221;Pro\u010d pr\u00e1v\u011b Cassia?&#8221; font_container=&#8221;tag:h2|text_align:center|color:%23ffffff&#8221; use_theme_fonts=&#8221;yes&#8221; css=&#8221;&#8221;][stm_spacing lg_spacing=&#8221;25&#8243; md_spacing=&#8221;20&#8243; sm_spacing=&#8221;15&#8243; xs_spacing=&#8221;15&#8243;][vc_row_inner][vc_column_inner width=&#8221;1\/3&#8243; css=&#8221;.vc_custom_1716125455837{background-color: rgba(186,186,186,0.46) !important;*background-color: rgb(186,186,186) !important;}&#8221;][stm_info_box style=&#8221;style_9&#8243; title=&#8221;Odbornost a zku\u0161enosti&#8221; infobox_label=&#8221;01&#8243;]Disponujeme zku\u0161enostmi z\u00edskan\u00fdmi za 20 let p\u016fsoben\u00ed v oblasti strategick\u00e9ho rozvoje m\u011bst a region\u016f, v\u010detn\u011b p\u0159\u00edpravy a realizace projekt\u016f \u010di zpracov\u00e1n\u00ed ekonomick\u00fdch a socioekonomick\u00fdch anal\u00fdz[\/stm_info_box][stm_spacing lg_spacing=&#8221;0&#8243; md_spacing=&#8221;0&#8243; sm_spacing=&#8221;0&#8243; xs_spacing=&#8221;30&#8243;][\/vc_column_inner][vc_column_inner width=&#8221;1\/3&#8243; css=&#8221;.vc_custom_1716125471750{background-color: rgba(181,181,181,0.5) !important;*background-color: rgb(181,181,181) !important;}&#8221;][stm_info_box style=&#8221;style_9&#8243; title=&#8221;Reference v\u00fdznamn\u00fdch subjekt\u016f&#8221; infobox_label=&#8221;02&#8243;]Mezi na\u0161e dlouholet\u00e9 klienty pat\u0159\u00ed jak subjekty na n\u00e1rodn\u00ed \u00farovni (sektorov\u00e1 ministerstva,\u00a0 kraje, mikroregiony a m\u011bsta i obce), tak subjekty na mezin\u00e1rodn\u00ed \u00farovni jako je USAID, UKAID, Evropsk\u00e1 komise, \u010di UNDP.[\/stm_info_box][stm_spacing lg_spacing=&#8221;0&#8243; md_spacing=&#8221;0&#8243; sm_spacing=&#8221;0&#8243; xs_spacing=&#8221;30&#8243;][\/vc_column_inner][vc_column_inner width=&#8221;1\/3&#8243; css=&#8221;.vc_custom_1716125489945{background-color: rgba(181,181,181,0.5) !important;*background-color: rgb(181,181,181) !important;}&#8221;][stm_info_box style=&#8221;style_9&#8243; title=&#8221;Profesion\u00e1ln\u00ed a partnersk\u00fd p\u0159\u00edstup&#8221; infobox_label=&#8221;03&#8243;]V\u0161echny slu\u017eby nab\u00edz\u00edme na nejvy\u0161\u0161\u00ed mezin\u00e1rodn\u00ed \u00farovni. Jsme autory n\u011bkolika n\u00e1rodn\u00edch i mezin\u00e1rodn\u00edch metodik pro zpracov\u00e1n\u00ed CBA anal\u00fdz a hodnocen\u00ed dopad\u016f strategi\u00ed a rozvojov\u00fdch projekt\u016f.[\/stm_info_box][\/vc_column_inner][\/vc_row_inner][stm_spacing lg_spacing=&#8221;110&#8243; md_spacing=&#8221;80&#8243; sm_spacing=&#8221;70&#8243; xs_spacing=&#8221;60&#8243;][\/vc_column][\/vc_row][vc_row][vc_column][stm_spacing lg_spacing=&#8221;95&#8243; md_spacing=&#8221;80&#8243; sm_spacing=&#8221;70&#8243; xs_spacing=&#8221;60&#8243;][vc_custom_heading text=&#8221;P\u0159\u00edklady referen\u010dn\u00edch projekt\u016f&#8221; font_container=&#8221;tag:h2|text_align:center&#8221; use_theme_fonts=&#8221;yes&#8221; css=&#8221;&#8221;][vc_row_inner][vc_column_inner width=&#8221;1\/6&#8243;][\/vc_column_inner][vc_column_inner width=&#8221;2\/3&#8243;][vc_column_text css=&#8221;&#8221;]<\/p>\n<p style=\"text-align: center;\">Za uplynul\u00e9 obdob\u00ed jsme realizovali n\u00e1sleduj\u00edc\u00ed referen\u010dn\u00ed zak\u00e1zky.<\/p>\n<p>[\/vc_column_text][\/vc_column_inner][vc_column_inner width=&#8221;1\/6&#8243;][\/vc_column_inner][\/vc_row_inner][stm_spacing lg_spacing=&#8221;50&#8243; md_spacing=&#8221;40&#8243; sm_spacing=&#8221;30&#8243; xs_spacing=&#8221;30&#8243;][stm_works style=&#8221;masonry&#8221;][stm_spacing lg_spacing=&#8221;95&#8243; md_spacing=&#8221;80&#8243; sm_spacing=&#8221;70&#8243; xs_spacing=&#8221;60&#8243;][\/vc_column][\/vc_row][vc_row full_width=&#8221;stretch_row&#8221; css=&#8221;.vc_custom_1715879255144{background-image: url(https:\/\/www.cassia.cz\/cassia\/wp-content\/uploads\/2024\/05\/6193493-scaled.jpg?id=8287) !important;background-position: center !important;background-repeat: no-repeat !important;background-size: cover !important;}&#8221;][vc_column offset=&#8221;vc_col-lg-5 vc_col-md-5&#8243;][stm_spacing lg_spacing=&#8221;95&#8243; md_spacing=&#8221;80&#8243; sm_spacing=&#8221;70&#8243; xs_spacing=&#8221;60&#8243;][vc_custom_heading text=&#8221;V\u00edce ne\u017e 20 let historie a zku\u0161enost\u00ed s realizac\u00ed zak\u00e1zek na \u00fazem\u00ed st\u0159edn\u00ed a v\u00fdchodn\u00ed Evropy&#8221; font_container=&#8221;tag:h2|text_align:left|color:%23ffffff&#8221; use_theme_fonts=&#8221;yes&#8221; css=&#8221;&#8221;][vc_column_text css=&#8221;&#8221;][\/vc_column_text][stm_spacing lg_spacing=&#8221;65&#8243; md_spacing=&#8221;50&#8243; sm_spacing=&#8221;0&#8243; xs_spacing=&#8221;0&#8243;][\/vc_column][vc_column width=&#8221;1\/12&#8243;][\/vc_column][vc_column offset=&#8221;vc_col-lg-6 vc_col-md-6&#8243;][stm_spacing lg_spacing=&#8221;95&#8243; md_spacing=&#8221;80&#8243; sm_spacing=&#8221;0&#8243; xs_spacing=&#8221;0&#8243;][vc_row_inner][vc_column_inner width=&#8221;1\/2&#8243;][stm_stats_counter stat_counter_style=&#8221;style_5&#8243; icon=&#8221;stm-ankara-case&#8221; counter_value=&#8221;250&#8243; title_color=&#8221;#ffffff&#8221; icon_color=&#8221;#ff3833&#8243; title=&#8221;\u00fasp\u011b\u0161n\u011b zrealizovan\u00fdch projekt\u016f&#8221;][stm_spacing lg_spacing=&#8221;30&#8243; md_spacing=&#8221;30&#8243; sm_spacing=&#8221;20&#8243; xs_spacing=&#8221;20&#8243;][\/vc_column_inner][vc_column_inner width=&#8221;1\/2&#8243;][stm_stats_counter stat_counter_style=&#8221;style_5&#8243; icon=&#8221;stm-glob-pie-chart&#8221; counter_value=&#8221;150&#8243; title_color=&#8221;#ffffff&#8221; icon_color=&#8221;#ff3833&#8243; title=&#8221;zpracovan\u00fdch odborn\u00fdch studi\u00ed a anal\u00fdz&#8221;][stm_spacing lg_spacing=&#8221;30&#8243; md_spacing=&#8221;30&#8243; sm_spacing=&#8221;20&#8243; xs_spacing=&#8221;20&#8243;][\/vc_column_inner][\/vc_row_inner][vc_row_inner][vc_column_inner width=&#8221;1\/2&#8243;][stm_stats_counter stat_counter_style=&#8221;style_5&#8243; icon=&#8221;stm-glob-graph&#8221; counter_value=&#8221;30&#8243; title_color=&#8221;#ffffff&#8221; icon_color=&#8221;#ff3833&#8243; title=&#8221;zpracovan\u00fdch strategi\u00ed a rozvojov\u00fdch program\u016f&#8221;][stm_spacing xs_spacing=&#8221;20&#8243;][\/vc_column_inner][vc_column_inner width=&#8221;1\/2&#8243;][stm_stats_counter stat_counter_style=&#8221;style_5&#8243; icon=&#8221;stm-ankara-like&#8221; counter_value=&#8221;200&#8243; title_color=&#8221;#ffffff&#8221; icon_color=&#8221;#ff3833&#8243; title=&#8221;spokojen\u00fdch klinet\u016f&#8221;][\/vc_column_inner][\/vc_row_inner][stm_spacing lg_spacing=&#8221;65&#8243; md_spacing=&#8221;50&#8243; sm_spacing=&#8221;70&#8243; xs_spacing=&#8221;60&#8243;][\/vc_column][\/vc_row][vc_row][vc_column][stm_spacing lg_spacing=&#8221;95&#8243; md_spacing=&#8221;80&#8243; sm_spacing=&#8221;70&#8243; xs_spacing=&#8221;60&#8243;][vc_custom_heading stripe_pos=&#8221;hide&#8221; text=&#8221;Zaj\u00edmavosti z oblasti region\u00e1ln\u00edho a \u00fazemn\u00edho rozvoje&#8221; font_container=&#8221;tag:h2|text_align:center&#8221; use_theme_fonts=&#8221;yes&#8221; css=&#8221;&#8221;][stm_spacing lg_spacing=&#8221;15&#8243; md_spacing=&#8221;15&#8243; sm_spacing=&#8221;10&#8243; xs_spacing=&#8221;10&#8243;][stm_news loop=&#8221;size:3|post_type:post&#8221; view_style=&#8221;style_6&#8243;][stm_spacing lg_spacing=&#8221;45&#8243; md_spacing=&#8221;30&#8243; sm_spacing=&#8221;20&#8243; xs_spacing=&#8221;10&#8243;][\/vc_column][\/vc_row][vc_row full_width=&#8221;stretch_row&#8221; css=&#8221;.vc_custom_1715879302298{background-image: url(https:\/\/www.cassia.cz\/cassia\/wp-content\/uploads\/2024\/05\/6193493-scaled.jpg?id=8287) !important;background-position: center !important;background-repeat: no-repeat !important;background-size: cover !important;}&#8221;][vc_column][stm_spacing lg_spacing=&#8221;120&#8243; md_spacing=&#8221;100&#8243; sm_spacing=&#8221;80&#8243; xs_spacing=&#8221;70&#8243;][vc_custom_heading text=&#8221;Nechceme b\u00fdt pouze Va\u0161imi dodavateli, ale partnery&#8221; font_container=&#8221;tag:h2|text_align:center|color:%23ffffff&#8221; use_theme_fonts=&#8221;yes&#8221; css=&#8221;&#8221;][vc_row_inner][vc_column_inner width=&#8221;1\/4&#8243;][\/vc_column_inner][vc_column_inner width=&#8221;1\/2&#8243;][vc_column_text css=&#8221;&#8221;]<\/p>\n<p style=\"text-align: center;\"><span style=\"color: #ffffff;\">S v\u011bt\u0161inou na\u0161ich klient\u016f spolupracujeme dlouhodob\u011b. To n\u00e1m umo\u017e\u0148uje p\u0159izp\u016fsobit na\u0161e slu\u017eby jejich pot\u0159eb\u00e1m a c\u00edl\u016fm, kter\u00e9 se tak st\u00e1vaj\u00ed na\u0161imi spole\u010dn\u00fdmi c\u00edli. Nechceme zpracov\u00e1vat projekty \u010di strategie, kter\u00e9 skon\u010d\u00ed v \u0161upl\u00edku, ale realistick\u00e9 koncepce a z\u00e1m\u011bry, kter\u00e9 se poda\u0159\u00ed zrealizovat<\/span><\/p>\n<p>[\/vc_column_text][\/vc_column_inner][vc_column_inner width=&#8221;1\/4&#8243;][\/vc_column_inner][\/vc_row_inner][stm_spacing lg_spacing=&#8221;30&#8243; md_spacing=&#8221;30&#8243; sm_spacing=&#8221;30&#8243; xs_spacing=&#8221;20&#8243;][stm_spacing lg_spacing=&#8221;130&#8243; md_spacing=&#8221;110&#8243; sm_spacing=&#8221;90&#8243; xs_spacing=&#8221;80&#8243;][\/vc_column][\/vc_row][vc_row][vc_column][stm_spacing lg_spacing=&#8221;95&#8243; md_spacing=&#8221;80&#8243; sm_spacing=&#8221;70&#8243; xs_spacing=&#8221;60&#8243;][vc_custom_heading text=&#8221;Doporu\u010den\u00ed na\u0161ich klient\u016f&#8221; font_container=&#8221;tag:h2|text_align:center&#8221; use_theme_fonts=&#8221;yes&#8221; css=&#8221;&#8221;][vc_row_inner][vc_column_inner width=&#8221;1\/6&#8243;][\/vc_column_inner][vc_column_inner width=&#8221;2\/3&#8243;][\/vc_column_inner][vc_column_inner width=&#8221;1\/6&#8243;][\/vc_column_inner][\/vc_row_inner][stm_spacing lg_spacing=&#8221;50&#8243; md_spacing=&#8221;40&#8243; sm_spacing=&#8221;30&#8243; xs_spacing=&#8221;40&#8243;][stm_testimonials count=&#8221;3&#8243; style=&#8221;style_7&#8243;][stm_spacing lg_spacing=&#8221;95&#8243; md_spacing=&#8221;80&#8243; sm_spacing=&#8221;70&#8243; xs_spacing=&#8221;60&#8243;][\/vc_column][\/vc_row]<\/p>\n<\/div>","protected":false},"excerpt":{"rendered":"<p>[vc_row][vc_column][rev_slider_vc alias=&#8221;UvodniStrana&#8221;][\/vc_column][\/vc_row][vc_row full_width=&#8221;stretch_row&#8221; gap=&#8221;20&#8243; css_animation=&#8221;none&#8221; css=&#8221;.vc_custom_1715896588882{margin-bottom: 0px !important;background-color: #ebedf3 !important;}&#8221; el_class=&#8221;z-index_2&#8243;][vc_column][stm_services posts_per_page=&#8221;3&#8243; posts_per_row=&#8221;3&#8243; style=&#8221;style_9&#8243; css=&#8221;.vc_custom_1716189942690{margin-top: -100px !important;}&#8221;][stm_spacing lg_spacing=&#8221;80&#8243; md_spacing=&#8221;70&#8243; sm_spacing=&#8221;60&#8243; xs_spacing=&#8221;50&#8243;][\/vc_column][\/vc_row][vc_row full_width=&#8221;stretch_row&#8221; css=&#8221;.vc_custom_1583987522330{background-color: #ebedf3 !important;}&#8221;][vc_column width=&#8221;1\/2&#8243;][vc_custom_heading stripe_pos=&#8221;hide&#8221; text=&#8221;O n\u00e1s&#8221; use_theme_fonts=&#8221;yes&#8221; css=&#8221;&#8221;][vc_column_text css=&#8221;&#8221;]Cassia sv\u00e9 slu\u017eby nab\u00edz\u00ed ji\u017e od roku 1997. V n\u011bkolika prvn\u00edch letech se spole\u010dnost zam\u011b\u0159ovala zejm\u00e9na na zpracov\u00e1n\u00ed finan\u010dn\u00edch a ekonomick\u00fdch anal\u00fdz podnikatelsk\u00fdch z\u00e1m\u011br\u016f<\/p>\n","protected":false},"author":1,"featured_media":0,"parent":0,"menu_order":0,"comment_status":"closed","ping_status":"closed","template":"","meta":{"jetpack_post_was_ever_published":false,"footnotes":""},"class_list":["post-1071","page","type-page","status-publish","hentry"],"jetpack_shortlink":"https:\/\/wp.me\/P2UG4z-hh","jetpack_sharing_enabled":true,"_links":{"self":[{"href":"https:\/\/www.cassia.cz\/index.php?rest_route=\/wp\/v2\/pages\/1071","targetHints":{"allow":["GET"]}}],"collection":[{"href":"https:\/\/www.cassia.cz\/index.php?rest_route=\/wp\/v2\/pages"}],"about":[{"href":"https:\/\/www.cassia.cz\/index.php?rest_route=\/wp\/v2\/types\/page"}],"author":[{"embeddable":true,"href":"https:\/\/www.cassia.cz\/index.php?rest_route=\/wp\/v2\/users\/1"}],"replies":[{"embeddable":true,"href":"https:\/\/www.cassia.cz\/index.php?rest_route=%2Fwp%2Fv2%2Fcomments&post=1071"}],"version-history":[{"count":80,"href":"https:\/\/www.cassia.cz\/index.php?rest_route=\/wp\/v2\/pages\/1071\/revisions"}],"predecessor-version":[{"id":8443,"href":"https:\/\/www.cassia.cz\/index.php?rest_route=\/wp\/v2\/pages\/1071\/revisions\/8443"}],"wp:attachment":[{"href":"https:\/\/www.cassia.cz\/index.php?rest_route=%2Fwp%2Fv2%2Fmedia&parent=1071"}],"curies":[{"name":"wp","href":"https:\/\/api.w.org\/{rel}","templated":true}]}}